{"id":1609,"date":"2012-08-29T10:07:19","date_gmt":"2012-08-29T09:07:19","guid":{"rendered":"http:\/\/budo-shinkokai.fr\/?page_id=1609"},"modified":"2012-11-15T19:02:55","modified_gmt":"2012-11-15T18:02:55","slug":"remerciements-greetings","status":"publish","type":"page","link":"http:\/\/budo-shinkokai.fr\/?page_id=1609","title":{"rendered":"Remerciements \/ Greetings"},"content":{"rendered":"<p>Je remercie ici toutes les personnes qui publient sur le net de nombreux articles et photographies concernant les disciplines et arts qu&rsquo;ils pratiquent.<br \/>\nA qui j&rsquo;ai emprunt\u00e9 soit des illustrations, soit des textes, soit des informations.<br \/>\nLa collecte et le fait de rassembler ici, autour d&rsquo;un sujet \u00ab\u00a0global\u00a0\u00bb toutes ces donn\u00e9es est d\u00e9j\u00e0 du travail, facilit\u00e9 par eux.<br \/>\nJe ne pense pas les voler ou les spolier, mais diffuser dans un cadre g\u00e9n\u00e9raliste, leur travail et connaissances, sans mes les attribuer ou me les approprier. Telle est la vocation du Web,la mise en commun des savoirs.<br \/>\nSi quelque choses les d\u00e9range dans la d\u00e9marche, qu&rsquo;ils me contactent, je m&rsquo;adapterai \u00e0 leurs observations.<\/p>\n<p>[infobox color=\u00a0\u00bbred\u00a0\u00bb]I am grateful to all those who publish on the net and numerous articles on photography and arts disciplines they practice.<br \/>\nWho I borrowed either illustrations or texts, or information.<br \/>\nCollection and that gathering here around a subject \u00ab\u00a0global\u00a0\u00bb all this data is already working, facilitated by them.<br \/>\nI do not steal or rob, but in a general broadcast their work and knowledge, without my or assign me appropriate. Such is the purpose of the Web, the pooling of knowledge.<br \/>\nIf some things bother in the process, they contact me, I will adapt to their observations.[\/infobox]<\/p>\n","protected":false},"excerpt":{"rendered":"<p>Je remercie ici toutes les personnes qui publient sur le net de nombreux articles et photographies concernant les disciplines et arts qu&rsquo;ils pratiquent. A qui j&rsquo;ai emprunt\u00e9 soit des illustrations, soit des textes, soit des informations. La collecte et le fait de rassembler ici, autour d&rsquo;un sujet \u00ab\u00a0global\u00a0\u00bb toutes ces donn\u00e9es est d\u00e9j\u00e0 du travail, [&hellip;]<\/p>\n","protected":false},"author":1,"featured_media":0,"parent":9,"menu_order":1,"comment_status":"closed","ping_status":"open","template":"","meta":[],"_links":{"self":[{"href":"http:\/\/budo-shinkokai.fr\/index.php?rest_route=\/wp\/v2\/pages\/1609"}],"collection":[{"href":"http:\/\/budo-shinkokai.fr\/index.php?rest_route=\/wp\/v2\/pages"}],"about":[{"href":"http:\/\/budo-shinkokai.fr\/index.php?rest_route=\/wp\/v2\/types\/page"}],"author":[{"embeddable":true,"href":"http:\/\/budo-shinkokai.fr\/index.php?rest_route=\/wp\/v2\/users\/1"}],"replies":[{"embeddable":true,"href":"http:\/\/budo-shinkokai.fr\/index.php?rest_route=%2Fwp%2Fv2%2Fcomments&post=1609"}],"version-history":[{"count":5,"href":"http:\/\/budo-shinkokai.fr\/index.php?rest_route=\/wp\/v2\/pages\/1609\/revisions"}],"predecessor-version":[{"id":1983,"href":"http:\/\/budo-shinkokai.fr\/index.php?rest_route=\/wp\/v2\/pages\/1609\/revisions\/1983"}],"up":[{"embeddable":true,"href":"http:\/\/budo-shinkokai.fr\/index.php?rest_route=\/wp\/v2\/pages\/9"}],"wp:attachment":[{"href":"http:\/\/budo-shinkokai.fr\/index.php?rest_route=%2Fwp%2Fv2%2Fmedia&parent=1609"}],"curies":[{"name":"wp","href":"https:\/\/api.w.org\/{rel}","templated":true}]}}