{"id":790,"date":"2012-07-11T07:27:53","date_gmt":"2012-07-11T06:27:53","guid":{"rendered":"http:\/\/budo-shinkokai.fr\/?page_id=790"},"modified":"2023-03-02T18:02:52","modified_gmt":"2023-03-02T17:02:52","slug":"le-dojo","status":"publish","type":"page","link":"http:\/\/budo-shinkokai.fr\/?page_id=790","title":{"rendered":"Le Dojo"},"content":{"rendered":"<p><img decoding=\"async\" loading=\"lazy\" class=\"aligncenter\" src=\"https:\/\/lh6.googleusercontent.com\/-XaLk2ygqd38\/UJ_ajrKU2JI\/AAAAAAAAA2k\/9ytlD9I_Qok\/s640\/vuedojo.jpg\" width=\"331\" height=\"274\" \/><\/p>\n<p>Ceci est le<a title=\"Seishin\" href=\"http:\/\/seishindojo-bordeaux.fr\/\" target=\"_blank\" rel=\"noopener\"> Seishin Dojo<\/a>, celui du Budo Shinkokai.<\/p>\n<p>Quelques explications sur ce qu&rsquo;est un Dojo :<\/p>\n<p>Par Me Tamura : <span style=\"font-family: Calibri;\">Le\u00a0 dojo\u00a0 est\u00a0 le lieu o\u00f9 se pratique la voie du Bouddha, le bouddhisme.<\/span><span style=\"font-family: Calibri;\">Par analogie, l&rsquo;endroit o\u00f9 se pratique <em>(shugyo)<\/em>la voie de Bu s&rsquo;appelle <em>dojo. <\/em><\/span><span style=\"font-family: Calibri;\"><br \/>\nShu : id\u00e9ogramme des \u00e9l\u00e9ments \u00ab blanc \u00bb et \u00ab ailes \u00bb montre le mouvement r\u00e9p\u00e9t\u00e9 des ailes de l&rsquo;oiseau qui lui permet de ana envol et donne l&rsquo;image de r\u00e9p\u00e9tition, d&rsquo;apprentissage,d&rsquo;\u00e9tude, de ma\u00eetrise.<br \/>\nLe \u00ab blanc \u00bb ajoutant l\u2019id\u00e9e de clart\u00e9 repr\u00e9sente \u00e0 l&rsquo;origine le blanc cach\u00e9 \u00e0 l\u2019int\u00e9rieur du gland. <em>Shugyo <\/em>ne veut pas seulement dire exercice ou \u00a0\u00ab entra\u00eenement \u00bb mais d\u00e9veloppement de la personnalit\u00e9, art de vivre noblement&#8230;<br \/>\nLe dojo n&rsquo;est donc uniquement un gymnase ; j&rsquo;aimerais que vous pensiez qu\u2019il est \u00e0 la fois une \u00e9glise et un gymnase. C&rsquo;est pourquoi depuis les temps les plus recul\u00e9s on trouve un autel dans les dojo du Japon, au <em>kamiza. <\/em><br \/>\nCet autel enchasse le dieu des arts martiaux que l&rsquo;on y v\u00e9n\u00e8re.<\/span><span style=\"font-family: Calibri;\">Dans le dojo, l&rsquo;homme qui s&rsquo;adonne aux arts martiaux pratique une purification profonde, pour affirmer sa personnalit\u00e9de guerrier, ses capacit\u00e9s, son esprit, son courage sa force d&rsquo;\u00e2me.<br \/>\nC&rsquo;est pourquoi l&rsquo;on doit, dans le dojo, renconter la courtoisie, la politesse, la bonne tenue et les r\u00e8gles des bonnes mani\u00e8res. En entrant dans le dojo il faut se d\u00e9couvrir, \u00f4ter ses chaussures, avoir une attitude respectueuse, le\u00a0 corps\u00a0 droit\u00a0 et\u00a0 orienter\u00a0 ses pens\u00e9es\u00a0 vers l a\u00a0 puret\u00e9, la\u00a0 lumi\u00e8re.<br \/>\nDans\u00a0 le\u00a0 dojo, il faut\u00a0 toujours \u00a0\u00eatre\u00a0 propre,\u00a0 respecter \u00a0l&rsquo;\u00e9tiquette, tenir\u00a0 des\u00a0 propos \u00a0corrects,\u00a0 <\/span><span style=\"font-family: Calibri;\">\u00e9viter de parler \u00e0 haute voix. Les spectateurs doivent observer la m\u00eame\u00a0 attitude.<\/span><span style=\"font-family: Calibri;\">Le keikokgi, le <em>hakama <\/em>ne doivent en aucune mani\u00e8re indisposer les autres.<br \/>\nLe dojo doit \u00eatre a\u00e9r\u00e9, les tatamis biens cal\u00e9s pour \u00e9viter les accidents. Tout ceci est important.<\/span><span style=\"font-family: Calibri;\"> Normalement les pratiquants cherchent \u00e0 arriver plus t\u00f4t quiconque afin de nettoyer et ranger le dojo ; il en est de m\u00eame apr\u00e8s l&rsquo;exercice.<br \/>\nCe nettoyage ne concerne pas seulement \u00a0le dojo lui-m\u00eame, mais aussi le pratiquant qui par ce geste proc\u00e8de \u00e0 un nettoyage en profondeur de son \u00eatre. Ce qui signifie que, m\u00eame si le dojo parait propre, il faut pourtant le nettoyer encore et encore.<\/span><span style=\"font-family: Calibri;\"><br \/>\nQuand vous pratiquez, consid\u00e9rez que le dojo est aussi un champ de bataille ; ce qui veut dire que vous ne pouvez \u00e0 aucun moment \u00eatre \u00ab vide de <em>ki\u00bb. <\/em>Comment vous expliquer ? Etre attentif, \u00e9veill\u00e9, pr\u00eat, percevoir, sentir, contr\u00f4ler ; avoir, en somme, la m\u00eame attitude que dans la bataille o\u00f9 l&rsquo;on doit transcender l&rsquo;\u00e9tat de vie ou de mort \u00e0 un point tel que m\u00eame mort \u00e0 quatre-vingt-dix-neuf pour cent, vous devez consciemment \u00eatre capable d&rsquo;ordonner \u00e0 votre c\u0153ur de ne pas abandonner le combat.<br \/>\nTelle est la voie v\u00e9ritable.<\/span><span style=\"font-family: Calibri;\"><br \/>\nEn agissant ainsi, vous avancerez, c&rsquo;est une certitude, dans le d\u00e9veloppement v\u00e9ritable de l&rsquo;Etre et cela seul est important.<\/span><span style=\"font-family: Calibri;\">En quittant le dojo, il faut avoir la m\u00eame attitude qu&rsquo;en y entrant. Cette attitude est \u00e0 la fois un remerciement pour le cours que l&rsquo;on vient de vous donner, un examen sur vous-m\u00eame, une r\u00e9flexion sur ce qui vient de se passer par rapport \u00e0 vous-m\u00eame et une pr\u00e9paration pour le lendemain.<\/span><\/p>\n<p>Par P.Kreiger<\/p>\n<p>Si vous avez visit\u00e9 plusieurs d\u00f4j\u00f4, et dans des pays diff\u00e9rents, vous n&rsquo;aurez pas manqu\u00e9 de noter que certaines salles se rapprochent d&rsquo;un lieu de culte, alors que d&rsquo;autres pr\u00e9sentent tous les aspects d&rsquo;une cour de r\u00e9cr\u00e9ation. Dans un cas comme dans l&rsquo;autre, l&rsquo;exag\u00e9ration n&rsquo;est pas souhaitable. D&rsquo;un lieu de culte, le d\u00f4j\u00f4 ne devrait prendre que la notion de respect du lieu. Un d\u00f4j\u00f4 est un endroit de recherche de soi-m\u00eame, d&rsquo;exp\u00e9riences et d&rsquo;\u00e9tude des valeurs humaines . Il est normal qu&rsquo;une certaine \u00e9thique soit de mise. Ceci dit, c&rsquo;est aussi un lieu de vie. La fantaisie, l&rsquo;humour, bref, l&rsquo;expression de diverses \u00e9motions humaines y sont souhaitables, sans pour autant tomber dans une ambiance de foire. Tout est une affaire de dosage. Un d\u00f4j\u00f4 doit respirer la joie, l&rsquo;enthousiasme. Les airs pinc\u00e9s de certains pratiquants nuisent \u00e0 la r\u00e9putation de leur d\u00f4j\u00f4.<\/p>\n<p>Tenons-nous aux choses simples et \u00e9videntes: une certaine discipline personnelle, une hygi\u00e8ne corporelle (Keikogi propre, ongles coup\u00e9s), un vocabulaire contr\u00f4l\u00e9 (respect de l&rsquo;adversaire et du lieu), une attitude de travail positive (respect de l&rsquo;enseignant &#8211; personne ne vous oblige \u00e0 venir), aide aux d\u00e9butants (il fut un temps o\u00f9 &#8230;) . Requ\u00e9rir ces qualit\u00e9s n&rsquo;est pas excessif, nous semble-t-il.<\/p>\n<p>Finalement, notons encore que le d\u00f4j\u00f4 est une repr\u00e9sentation symbolique du monde, avec ses points cardinaux (\u00e0 l&rsquo;est, le sh\u00f4men (mur d&rsquo;honneur) ou kamiza au sud, le j\u00f4seki (mur des enseignants\/anciens), \u00e0 l&rsquo;ouest, le shimoza (mur o\u00f9 devrait se trouver l&rsquo;entr\u00e9e &#8211; \u00e9galement place des \u00e9l\u00e8ves) et au nord, le shimoseki, le mur des d\u00e9butants. M\u00eame si la salle ne se pr\u00eate pas \u00e0 cet arrangement, la s\u00e9quence devrait rester la m\u00eame. Cette notion g\u00e9ographique encourage le pratiquant \u00e0 se situer dans un lieu et \u00e0 ne pas se placer, inconsciemment, n&rsquo;importe o\u00f9.<\/p>\n<p>Et il en va de m\u00eame dans la vie&#8230;<\/p>\n<pre><\/pre>\n<p>Par M.T.Shewan :<\/p>\n<p>Les deux caract\u00e8res composant ce mot signifient litt\u00e9ralement : \u00ab\u00a0le lieu de la voie\u00a0\u00bb ce qui implique qu&rsquo;il s&rsquo;agit de n&rsquo;importe quel endroit o\u00f9 l&rsquo;on pratique la voie. C&rsquo;est un lieu qui doit rester aust\u00e8re et qui, dans son ensemble, doit d\u00e9noter une simplicit\u00e9 et une dignit\u00e9 li\u00e9es \u00e0 une \u00e9l\u00e9gance sans appr\u00eat. Il doit \u00eatre dans un \u00e9tat de propret\u00e9 irr\u00e9prochable, excluant tout ornement superflu. Rien du dehors ne saurait se m\u00ealer \u00e0 l&rsquo;atmosph\u00e8re spirituelle du dojo. Le plus souvent le plancher est en bois, parfois recouvert de tatamis, et peut \u00eatre de dimensions tr\u00e8s variables. Le centre physique du dojo est le Kamiza ou le Shinzen si\u00e8ge des Kami. Les \u00e9l\u00e8ves sont assis au Shi moza et font face au Kamiza, \u00e0 leur gauche le Shimoseki, \u00e0 droite le Joseki.<\/p>\n<p>Aujourd&rsquo;hui la part la plus importante de l&rsquo;entra\u00eenement en Budo a lieu \u00e0 l&rsquo;int\u00e9rieur. Cependant, l&rsquo;entra\u00eenement \u00e0 l&rsquo;ext\u00e9rieur rev\u00eat aussi une grande importance. En effet, les placements de pieds ne peuvent conserver les m\u00eames qualit\u00e9s de pr\u00e9cision, de fluidite et d&rsquo;\u00e9l\u00e9gance, sur un terrain bossel\u00e9 et rugueux si diff\u00e9rent de la surface lisse du plancher du dojo<\/p>\n<p>Par Jaff Raji :<\/p>\n<p>Le DOJO, un lieu de pratique et d&rsquo;\u00e9panouissement ouvert \u00e0 tous<\/p>\n<p>Peut-\u00eatre est ce un terme nouveau, pour vous qui ne connaissez pas cet espace ? Chacun y est le bienvenu.C&rsquo;est un endroit, simple, d\u00e9pouill\u00e9, sans myst\u00e8re. C&rsquo;est un lieu de travail tout simplement, de \u00ab\u00a0Travail sur Soi-M\u00eame\u00a0\u00bb. C&rsquo;est un lieu de purification profonde, de d\u00e9stabilisation, de mise en question, de remise en question de soi-m\u00eame. Les pratiquants y laissent beaucoup d&rsquo;eux m\u00eames. Mais ce ne sont que les choses inutiles, encombrantes, un peu comme des boulets lourds \u00e0 tra\u00eener que vous aurez accumul\u00e9s tout au long de l&rsquo;existence et qui, \u00e0 l&rsquo;heure actuelle, vous p\u00e8sent sans que parfois la personne s&rsquo;en rende compte : pr\u00e9jug\u00e9s, attitudes, id\u00e9es, \u00e9motions n\u00e9gatives&#8230;Le DOJO et pour ce qui nous concerne la pratique de l&rsquo;AIKIDO et du BUDO vont permettre par l&rsquo; investissement dans la pratique, un travail de remise \u00e0 neuf du corps. Il va falloir d&rsquo;abord d\u00e9sapprendre pour r\u00e9apprendre et apprendre \u00e0 apprendre pour apprendre \u00e0 se conna\u00eetre soi-m\u00eame. Tel est le but de la pratique d&rsquo;AIKIDO et des Arts Traditionnels. La t\u00e2che n&rsquo;est pas simple, mais les pratiquants doivent avoir confiance en eux-m\u00eames et de la pratique elle-m\u00eame.Quelles que soient les raisons pour lesquelles l&rsquo;AIKIDO et autres BUDO attirent l&rsquo;individu : m\u00e9thode de d\u00e9fense, condition physique, sant\u00e9, spiritualit\u00e9, faire partie d&rsquo;un groupe&#8230; etc., ces disciplines pourront procurer ce dont chacun a besoin, il suffira seulement de pratiquer sinc\u00e8rement. Point n&rsquo;est besoin d&rsquo;\u00eatre un athl\u00e8te, d&rsquo;\u00eatre jeune (les plus \u00e2g\u00e9s ont plus 70 ans) ou d&rsquo;en faire 40 heures par semaine pour \u00eatre performant, il s&rsquo;agit avant tout d&rsquo; \u00eatre r\u00e9gulier dans l&rsquo; investissement en fonction du temps consacr\u00e9, c&rsquo;est l\u00e0 le premier travail. Par la suite, les r\u00e9sultats de l&rsquo;entra\u00eenement d\u00e9teindront dans la vie quotidienne et ce sera dans ces conditions que chaque pratiquant pourra lui-m\u00eame mesurer ses progr\u00e8s&#8230;Le r\u00f4le de l&rsquo;enseignant dans le DOJO est de faire d\u00e9couvrir et d&rsquo;enseigner la pratique de l&rsquo;AIKIDO et les autres BUDO, au point de d\u00e9part, qui est essentiellement la pratique physique au moyen des techniques de bases et de leurs \u00e9volutions en s&rsquo;aventurant de temps \u00e0 autres \u00e0 essayer d&rsquo;ouvrir les fen\u00eatres de l&rsquo;esprit et de guider dans d&rsquo;autres dimensions de travail, mais la technique est l&rsquo;outil fondamental de l&rsquo;AIKIDO et des BUDO, avec cet espoir d&rsquo;atteindre la compr\u00e9hension de l&rsquo;Homme et l&rsquo;application au quotidien des lois qui le r\u00e9gissent.L&rsquo;outil essentiel pour ces disciplines est le CORPS, \u00e9l\u00e9ment souvent oubli\u00e9 \u00e0 notre \u00e9poque. Il fera vivre peut \u00eatre parfois des d&rsquo;\u00e9motions difficiles \u00e0 supporter, et provoquera tellement de questions, qui ne peuvent \u00eatre r\u00e9solu par l&rsquo;intellect seul. Mais chaque pratiquant est invit\u00e9 \u00e0 poser les questions qui pourraient le tracasser, n&rsquo;importe quel \u00e9l\u00e8ve du DOJO d\u00e9j\u00e0 en marche dans ces discipline pourra lui donner son point de vue. Lorsque un nouvel \u00e9l\u00e8ve p\u00e9n\u00e8tre pour la premi\u00e8re fois dans le DOJO, il est amen\u00e9 \u00e0 observer, \u00e9couter, imiter, \u00e9veiller son attention&#8230; et durant la pratique les \u00e9l\u00e8ves avanc\u00e9s savent guider ses premi\u00e8res chutes.<strong>Davantage sur le DOJO <\/strong>Le DOJO, litt\u00e9ralement : DO = La Voie ; JO = Le Lieu. Donc Lieu o\u00f9 l&rsquo;on \u00e9tudie La Voie.Quand on parle de Voie dans les arts martiaux (o\u00f9 dans d&rsquo;autres domaines propre \u00e0 l&rsquo;homme) l&rsquo;on entend aussi et surtout, chemin qui m\u00e8ne \u00e0 la connaissance de soi-m\u00eame et travail de l&rsquo;homme sur lui-m\u00eame en vue de r\u00e9aliser son unit\u00e9 profonde et retrouver sa v\u00e9ritable Essence.Sans entrer dans des profondeurs \u00e9sot\u00e9riques, pour ce qui nous concerne le \u00ab\u00a0DOJO \u00ab\u00a0, est un DOJO et non une \u00ab\u00a0salle de combat\u00a0\u00bb comme il est souvent nomm\u00e9 ailleurs. C&rsquo;est avant tout un lieu d&rsquo;\u00e9ducation. Cela ne doit \u00e9videmment pas remplacer l&rsquo;\u00e9ducation parentale, sociale&#8230; mais il peut fortement prolonger celles-ci.Celui-ci peut faire l&rsquo;objet d&rsquo;un v\u00e9ritable microcosme de d\u00e9tails \u00e9ducatifs, un vrai laboratoire. Il doit \u00e9veiller le sens de la responsabilit\u00e9 individuelle.Le professeur, ou le guide et pourquoi pas le nommer, le Ma\u00eetre, est l\u00e0 dans le DOJO pour jouer le r\u00f4le de r\u00e9veil. D&rsquo;abord par &#8211; sa propre attitude &#8211; son exemple &#8211; ses propos sains &#8211; la technique qu&rsquo;il enseigne qui doit souffrir d&rsquo;une permanente remise en question et d\u00e9veloppement&#8230; &#8211; la rigueur de travail et d&rsquo;observation qu&rsquo;il exige de ses \u00e9l\u00e8ves &#8211; ses remontrances \u00e9ducatives &#8211; ses rappels \u00e0 l&rsquo;ordre (rappel \u00e0 l&rsquo;ordre au sens propre) pour le bien de chaque \u00e9l\u00e8ve en particulier et de l&rsquo;ensemble des \u00e9l\u00e8ves pratiquant au DOJO en g\u00e9n\u00e9ral. J&rsquo;aimerais simplement parler de quelques exemples de d\u00e9tails \u00e9ducatifs primaires qui r\u00e9gissent le comportement et transforment positivement l&rsquo;attitude des \u00e9l\u00e8ves dans un DOJO :<strong>Le respect du lieu de travail :<\/strong><br \/>\n\u00ab\u00a0le DOJO\u00a0\u00bb. Sur le plan mat\u00e9riel (nous n&rsquo;aborderons pas le domaine spirituel et les autres buts nobles et \u00e9lev\u00e9s&#8230;) de m\u00eame que tous les \u00e9l\u00e9ments qui font que l&rsquo;on appelle ce lieu un DOJO :Un espace d\u00e9limit\u00e9 : quatre murs<br \/>\nUn lieu de vie commune : L&rsquo;aire de TATAMI<br \/>\nUn lieu d&rsquo;intimit\u00e9 : le vestiaire<br \/>\nUn lieu d&rsquo;hygi\u00e8ne : Toilettes, lavabos, douches ,tous les \u00e9quipements et accessoires utiles aux diff\u00e9rents exercices. Cela ressemble sous une autre forme au lieu de vie de tout un chacun, c&rsquo;est \u00e0 dire, sa propre maison.<strong>Le Respect de l&rsquo;Hygi\u00e8ne :<\/strong><br \/>\nMaintenir la Propret\u00e9 dans les vestiaires et dans les toilettes. P\u00e9n\u00e9trer dans le DOJO en ayant pr\u00e9alablement nettoy\u00e9 sur les paillassons pr\u00e9vus \u00e0 cet effet, les chaussures. Les parapluies d\u00e9goulinants sont plus \u00e0 leur aise dehors &#8211; Il est d\u00e9conseill\u00e9 de circuler les pieds nus. Pour plus de commodit\u00e9s et de confort, il est important de chausser des tongs ou des chaussons pour tous d\u00e9placements hors du TATAMI. Il est souhaitable de ne pas se rendre aux toilettes pieds nus. Tout cela simplement pour \u00e9viter que ne se d\u00e9veloppent les mycoses et champignons sur le TATAMI, puis par voie de cons\u00e9quence sur les pieds ou autres parties du corps&#8230;<strong>Le respect de l&rsquo;ordre :<\/strong><br \/>\nLes vestiaires sont souvent petits, et il faut apprendre \u00e0 se faire petit. Mettre de l&rsquo;attention \u00e0 bien ranger ses affaires afin que chacun trouve une place, sa place. Cela \u00e9vite le pi\u00e9tinement et les \u00e9changes de v\u00eatements&#8230;.Je ne parlerai pas du respect des hommes qui utilisent ce lieu et qui par leur travail quel qu&rsquo;il soit et leur attitude font que ce Lieu s&rsquo;appelle &#8230;DOJO. Les ma\u00eetres sont l\u00e0 pour instruire dans ce sens et c&rsquo;est ainsi que le DOJO peut devenir : un Lieu d&rsquo;\u00e9ducation et pour le d\u00e9veloppement de l&rsquo;ETRE. Ces d\u00e9tails ne sont issus d&rsquo;aucun r\u00e8glement et les respecter est tout simplement naturel&#8230;<\/p>\n<p>Exemple de disposition dans le Dojo<\/p>\n<p><code><br \/>\n<a href=\"http:\/\/budo-shinkokai.fr\/wp-content\/uploads\/2012\/07\/dispodojo.jpg\"><img decoding=\"async\" loading=\"lazy\" class=\"aligncenter size-full wp-image-2023\" title=\"dispodojo\" src=\"http:\/\/budo-shinkokai.fr\/wp-content\/uploads\/2012\/07\/dispodojo.jpg\" alt=\"\" width=\"704\" height=\"460\" srcset=\"http:\/\/budo-shinkokai.fr\/wp-content\/uploads\/2012\/07\/dispodojo.jpg 704w, http:\/\/budo-shinkokai.fr\/wp-content\/uploads\/2012\/07\/dispodojo-300x196.jpg 300w\" sizes=\"(max-width: 704px) 100vw, 704px\" \/><\/a><\/code><\/p>\n<p>A noter que suivant la disposions \u00a0des lieux, certains aspects peuvent \u00eatre am\u00e9nag\u00e9s.<\/p>\n<p>(L\u2019entr\u00e9e du Dojo \u00e0 l\u2019Aikikai de tokyo, n\u2019est pas face \u00e0 l\u2019entr\u00e9e. Il en est de m\u00eame au Dojo de M\u00b0 Otake ,Soke de Katori Shinto, pr\u00e8s de Narita)<\/p>\n<p>Certains occidentaux, s\u00fbrs de leur fait, commentent de graves erreurs uniquement dans le but d\u2019avoir le Kamiza face \u00e0 l\u2019entr\u00e9e de la salle.<\/p>\n<p>Logiquement il devrait \u00eatre au nord. Cependant m\u00eame cette r\u00e8gle ne peut \u00eatre absolue. Si elle engendre des probl\u00e8mes d\u2019acc\u00e8s au dojo, par exemple. Mettre le kamidana au-dessus de la porte des vestiaires par exemple\u00a0? Saluant vers l\u2019endroit o\u00f9 les gens circulent sans cesse\u00a0? Si la pi\u00e8ce est toute en longueur et le nord (ou l\u2019entr\u00e9e) est au fond dans une sorte de \u00ab\u00a0couloir\u00a0\u00bb, les pratiquants s\u2019entassent en dix ou douze lignes de 4 ou 5\u00a0?<\/p>\n<p>Le respect int\u00e9rieur est plus important que la forme.<code><\/code><\/p>\n<p><code><br \/>\n<code><\/code><\/code><\/p>\n<div><\/div>\n<p><a href=\"http:\/\/www.seishindojo-bordeaux.fr\/wp-content\/uploads\/2011\/12\/dojo-132x300.gif\"><img decoding=\"async\" loading=\"lazy\" class=\"aligncenter\" title=\"Dojo\" src=\"http:\/\/www.seishindojo-bordeaux.fr\/wp-content\/uploads\/2011\/12\/dojo-132x300.gif\" alt=\"\" width=\"132\" height=\"300\" \/><\/a><\/p>\n","protected":false},"excerpt":{"rendered":"<p>Ceci est le Seishin Dojo, celui du Budo Shinkokai. Quelques explications sur ce qu&rsquo;est un Dojo : Par Me Tamura : Le\u00a0 dojo\u00a0 est\u00a0 le lieu o\u00f9 se pratique la voie du Bouddha, le bouddhisme.Par analogie, l&rsquo;endroit o\u00f9 se pratique (shugyo)la voie de Bu s&rsquo;appelle dojo. Shu : id\u00e9ogramme des \u00e9l\u00e9ments \u00ab blanc \u00bb et [&hellip;]<\/p>\n","protected":false},"author":1,"featured_media":0,"parent":0,"menu_order":0,"comment_status":"closed","ping_status":"open","template":"","meta":[],"_links":{"self":[{"href":"http:\/\/budo-shinkokai.fr\/index.php?rest_route=\/wp\/v2\/pages\/790"}],"collection":[{"href":"http:\/\/budo-shinkokai.fr\/index.php?rest_route=\/wp\/v2\/pages"}],"about":[{"href":"http:\/\/budo-shinkokai.fr\/index.php?rest_route=\/wp\/v2\/types\/page"}],"author":[{"embeddable":true,"href":"http:\/\/budo-shinkokai.fr\/index.php?rest_route=\/wp\/v2\/users\/1"}],"replies":[{"embeddable":true,"href":"http:\/\/budo-shinkokai.fr\/index.php?rest_route=%2Fwp%2Fv2%2Fcomments&post=790"}],"version-history":[{"count":19,"href":"http:\/\/budo-shinkokai.fr\/index.php?rest_route=\/wp\/v2\/pages\/790\/revisions"}],"predecessor-version":[{"id":2577,"href":"http:\/\/budo-shinkokai.fr\/index.php?rest_route=\/wp\/v2\/pages\/790\/revisions\/2577"}],"wp:attachment":[{"href":"http:\/\/budo-shinkokai.fr\/index.php?rest_route=%2Fwp%2Fv2%2Fmedia&parent=790"}],"curies":[{"name":"wp","href":"https:\/\/api.w.org\/{rel}","templated":true}]}}