{"id":792,"date":"2012-07-11T07:28:27","date_gmt":"2012-07-11T06:28:27","guid":{"rendered":"http:\/\/budo-shinkokai.fr\/?page_id=792"},"modified":"2023-03-06T10:22:28","modified_gmt":"2023-03-06T09:22:28","slug":"embu","status":"publish","type":"page","link":"http:\/\/budo-shinkokai.fr\/?page_id=792","title":{"rendered":"Embu"},"content":{"rendered":"<blockquote><p>Embu est la repr\u00e9sentation de la guerre, du combat, \u00e0 la diff\u00e9rence d\u2019une d\u00e9monstration, il est g\u00e9n\u00e9ralement fait entre pratiquants, sans spectateurs, chacun donnant le meilleur de lui m\u00eame<\/p><\/blockquote>\n<p>Mais parfois , m\u00eame dans des d\u00e9monstrations classiques l\u2019investissement du pratiquant est identique \u00e0 celui qu\u2019il aurai lors d\u2019un Embu.<br \/>\nLes documents r\u00e9pondant au crit\u00e8res seront publi\u00e9s.<\/p>\n<p>C\u2019est du v\u00e9cu, de pratiquant, pas des prestations d\u2019acteurs ou d\u2019artistes de cirque (rien de p\u00e9joratif, juste diff\u00e9rent)<br \/>\nCertain documents sont \u201cemprunt\u00e9s\u201d mais la majorit\u00e9 m\u2019appartient (99%)<\/p>\n","protected":false},"excerpt":{"rendered":"<p>Embu est la repr\u00e9sentation de la guerre, du combat, \u00e0 la diff\u00e9rence d\u2019une d\u00e9monstration, il est g\u00e9n\u00e9ralement fait entre pratiquants, sans spectateurs, chacun donnant le meilleur de lui m\u00eame Mais parfois , m\u00eame dans des d\u00e9monstrations classiques l\u2019investissement du pratiquant est identique \u00e0 celui qu\u2019il aurai lors d\u2019un Embu. Les documents r\u00e9pondant au crit\u00e8res seront [&hellip;]<\/p>\n","protected":false},"author":1,"featured_media":0,"parent":0,"menu_order":0,"comment_status":"open","ping_status":"open","template":"","meta":[],"_links":{"self":[{"href":"http:\/\/budo-shinkokai.fr\/index.php?rest_route=\/wp\/v2\/pages\/792"}],"collection":[{"href":"http:\/\/budo-shinkokai.fr\/index.php?rest_route=\/wp\/v2\/pages"}],"about":[{"href":"http:\/\/budo-shinkokai.fr\/index.php?rest_route=\/wp\/v2\/types\/page"}],"author":[{"embeddable":true,"href":"http:\/\/budo-shinkokai.fr\/index.php?rest_route=\/wp\/v2\/users\/1"}],"replies":[{"embeddable":true,"href":"http:\/\/budo-shinkokai.fr\/index.php?rest_route=%2Fwp%2Fv2%2Fcomments&post=792"}],"version-history":[{"count":8,"href":"http:\/\/budo-shinkokai.fr\/index.php?rest_route=\/wp\/v2\/pages\/792\/revisions"}],"predecessor-version":[{"id":2579,"href":"http:\/\/budo-shinkokai.fr\/index.php?rest_route=\/wp\/v2\/pages\/792\/revisions\/2579"}],"wp:attachment":[{"href":"http:\/\/budo-shinkokai.fr\/index.php?rest_route=%2Fwp%2Fv2%2Fmedia&parent=792"}],"curies":[{"name":"wp","href":"https:\/\/api.w.org\/{rel}","templated":true}]}}