{"id":843,"date":"2012-07-11T08:07:58","date_gmt":"2012-07-11T07:07:58","guid":{"rendered":"http:\/\/budo-shinkokai.fr\/?page_id=843"},"modified":"2023-03-06T10:33:09","modified_gmt":"2023-03-06T09:33:09","slug":"activites","status":"publish","type":"page","link":"http:\/\/budo-shinkokai.fr\/?page_id=843","title":{"rendered":"Activit\u00e9s"},"content":{"rendered":"<p>Matin\u00a0\u00a0\u00a0\u00a0\u00a0\u00a0\u00a0\u00a0\u00a0\u00a0\u00a0\u00a0\u00a0\u00a0\u00a0\u00a0\u00a0\u00a0 \u00a0\u00a0\u00a0\u00a0\u00a0\u00a0\u00a0\u00a0\u00a0\u00a0\u00a0\u00a0\u00a0\u00a0\u00a0\u00a0\u00a0\u00a0\u00a0\u00a0\u00a0\u00a0\u00a0\u00a0\u00a0\u00a0\u00a0\u00a0\u00a0\u00a0\u00a0\u00a0\u00a0 Apr\u00e8s midi\u00a0\u00a0\u00a0\u00a0\u00a0\u00a0\u00a0\u00a0\u00a0\u00a0\u00a0\u00a0\u00a0\u00a0\u00a0\u00a0 \u00a0 \u00a0 \u00a0\u00a0 Soir\u00e9e<\/p>\n<table border=\"1\" width=\"593\" cellspacing=\"0\" cellpadding=\"0\">\n<tbody>\n<tr>\n<td valign=\"top\" width=\"123\">Lundi<\/td>\n<td style=\"text-align: center;\" valign=\"top\" width=\"123\"><\/td>\n<td valign=\"top\" width=\"123\"><\/td>\n<td valign=\"top\" width=\"123\">\n<p style=\"text-align: center;\">\n<p style=\"text-align: center;\">\n<p style=\"text-align: center;\">\n<\/td>\n<td valign=\"top\" width=\"123\">\n<p style=\"text-align: center;\">\n<\/td>\n<\/tr>\n<tr>\n<td valign=\"top\" width=\"123\">Mardi<\/td>\n<td valign=\"top\" width=\"123\">\n<p style=\"text-align: center;\">\n<p style=\"text-align: center;\">\n<\/td>\n<td valign=\"top\" width=\"123\">\n<p style=\"text-align: center;\">\n<p style=\"text-align: center;\">\n<\/td>\n<td valign=\"top\" width=\"123\">\n<p style=\"text-align: center;\">\n<p style=\"text-align: center;\">\n<p style=\"text-align: center;\">\n<\/td>\n<td valign=\"top\" width=\"123\">\n<p style=\"text-align: center;\">\n<p style=\"text-align: center;\">\n<\/td>\n<\/tr>\n<tr>\n<td valign=\"top\" width=\"123\">Mercredi<\/td>\n<td valign=\"top\" width=\"123\">\n<p style=\"text-align: center;\">\n<\/td>\n<td style=\"text-align: center;\" valign=\"top\" width=\"123\"><\/td>\n<td style=\"text-align: center;\" valign=\"top\" width=\"123\"><\/td>\n<td valign=\"top\" width=\"123\">\n<p style=\"text-align: center;\">\n<\/td>\n<\/tr>\n<tr>\n<td valign=\"top\" width=\"123\">Jeudi<\/td>\n<td valign=\"top\" width=\"123\">\n<p style=\"text-align: center;\">\n<\/td>\n<td style=\"text-align: center;\" valign=\"top\" width=\"123\"><\/td>\n<td style=\"text-align: center;\" valign=\"top\" width=\"123\"><\/td>\n<td style=\"text-align: center;\" valign=\"top\" width=\"123\">\n<p style=\"text-align: center;\">\n<\/td>\n<\/tr>\n<tr>\n<td valign=\"top\" width=\"123\">Vendredi<\/td>\n<td valign=\"top\" width=\"123\">\n<p style=\"text-align: center;\">\n<\/td>\n<td style=\"text-align: center;\" valign=\"top\" width=\"123\"><\/td>\n<td style=\"text-align: center;\" valign=\"top\" width=\"123\"><\/td>\n<td valign=\"top\" width=\"123\">\n<p style=\"text-align: center;\">\n<\/td>\n<\/tr>\n<tr>\n<td valign=\"top\" width=\"123\">Samedi<\/td>\n<td valign=\"top\" width=\"123\"><\/td>\n<td colspan=\"3\" valign=\"top\" width=\"369\"><\/td>\n<\/tr>\n<tr>\n<td valign=\"top\" width=\"123\">Dimanche<\/td>\n<td colspan=\"4\" valign=\"top\" width=\"491\">Stages \/ formations<\/td>\n<\/tr>\n<\/tbody>\n<\/table>\n<p style=\"text-align: left;\" align=\"center\"><span style=\"text-decoration: underline;\">Pr\u00e9vus pour l&rsquo;instant :<br \/>\n<\/span><\/p>\n<table border=\"0\" width=\"596\" cellspacing=\"0\" cellpadding=\"0\">\n<tbody>\n<tr>\n<td valign=\"bottom\" nowrap=\"nowrap\" width=\"101\"><\/td>\n<td valign=\"bottom\" nowrap=\"nowrap\" width=\"495\">\u00a0Bient\u00f4t de nouvelles propositions<\/td>\n<\/tr>\n<tr>\n<td valign=\"bottom\" nowrap=\"nowrap\" width=\"101\"><\/td>\n<td valign=\"bottom\" nowrap=\"nowrap\" width=\"495\"><\/td>\n<\/tr>\n<tr>\n<td valign=\"bottom\" nowrap=\"nowrap\" width=\"101\"><\/td>\n<td valign=\"bottom\" nowrap=\"nowrap\" width=\"495\"><\/td>\n<\/tr>\n<\/tbody>\n<\/table>\n<p align=\"center\"><span style=\"text-decoration: underline;\">Modalit\u00e9s de participation\u00a0<\/span><\/p>\n<p>-Assurance individuelle obligatoire. Certificat m\u00e9dical en cours de validit\u00e9.<\/p>\n<p>-Inscriptions \u00e0 l\u2019avance selon les dates pr\u00e9vues.<\/p>\n<p>Stages<\/p>\n<table style=\"height: 96px;\" border=\"0\" width=\"603\" cellspacing=\"0\" cellpadding=\"0\">\n<tbody>\n<tr>\n<td valign=\"bottom\" nowrap=\"nowrap\" width=\"101\"><\/td>\n<td valign=\"bottom\" nowrap=\"nowrap\" width=\"495\"><\/td>\n<\/tr>\n<tr>\n<td valign=\"bottom\" nowrap=\"nowrap\" width=\"101\"><\/td>\n<td valign=\"bottom\" nowrap=\"nowrap\" width=\"495\"><\/td>\n<\/tr>\n<tr>\n<td valign=\"bottom\" nowrap=\"nowrap\" width=\"101\"><\/td>\n<td valign=\"bottom\" nowrap=\"nowrap\" width=\"495\"><\/td>\n<\/tr>\n<\/tbody>\n<\/table>\n<table border=\"0\" width=\"596\" cellspacing=\"0\" cellpadding=\"0\">\n<tbody>\n<tr>\n<td valign=\"bottom\" nowrap=\"nowrap\" width=\"101\"><\/td>\n<td valign=\"bottom\" nowrap=\"nowrap\" width=\"495\"><\/td>\n<\/tr>\n<tr>\n<td valign=\"bottom\" nowrap=\"nowrap\" width=\"101\"><\/td>\n<td valign=\"bottom\" nowrap=\"nowrap\" width=\"495\"><\/td>\n<\/tr>\n<\/tbody>\n<\/table>\n","protected":false},"excerpt":{"rendered":"<p>Matin\u00a0\u00a0\u00a0\u00a0\u00a0\u00a0\u00a0\u00a0\u00a0\u00a0\u00a0\u00a0\u00a0\u00a0\u00a0\u00a0\u00a0\u00a0 \u00a0\u00a0\u00a0\u00a0\u00a0\u00a0\u00a0\u00a0\u00a0\u00a0\u00a0\u00a0\u00a0\u00a0\u00a0\u00a0\u00a0\u00a0\u00a0\u00a0\u00a0\u00a0\u00a0\u00a0\u00a0\u00a0\u00a0\u00a0\u00a0\u00a0\u00a0\u00a0\u00a0 Apr\u00e8s midi\u00a0\u00a0\u00a0\u00a0\u00a0\u00a0\u00a0\u00a0\u00a0\u00a0\u00a0\u00a0\u00a0\u00a0\u00a0\u00a0 \u00a0 \u00a0 \u00a0\u00a0 Soir\u00e9e Lundi Mardi Mercredi Jeudi Vendredi Samedi Dimanche Stages \/ formations Pr\u00e9vus pour l&rsquo;instant : \u00a0Bient\u00f4t de nouvelles propositions Modalit\u00e9s de participation\u00a0 -Assurance individuelle obligatoire. Certificat m\u00e9dical en cours de validit\u00e9. -Inscriptions \u00e0 l\u2019avance selon les dates pr\u00e9vues. Stages<\/p>\n","protected":false},"author":1,"featured_media":0,"parent":0,"menu_order":0,"comment_status":"closed","ping_status":"open","template":"","meta":[],"_links":{"self":[{"href":"http:\/\/budo-shinkokai.fr\/index.php?rest_route=\/wp\/v2\/pages\/843"}],"collection":[{"href":"http:\/\/budo-shinkokai.fr\/index.php?rest_route=\/wp\/v2\/pages"}],"about":[{"href":"http:\/\/budo-shinkokai.fr\/index.php?rest_route=\/wp\/v2\/types\/page"}],"author":[{"embeddable":true,"href":"http:\/\/budo-shinkokai.fr\/index.php?rest_route=\/wp\/v2\/users\/1"}],"replies":[{"embeddable":true,"href":"http:\/\/budo-shinkokai.fr\/index.php?rest_route=%2Fwp%2Fv2%2Fcomments&post=843"}],"version-history":[{"count":85,"href":"http:\/\/budo-shinkokai.fr\/index.php?rest_route=\/wp\/v2\/pages\/843\/revisions"}],"predecessor-version":[{"id":2585,"href":"http:\/\/budo-shinkokai.fr\/index.php?rest_route=\/wp\/v2\/pages\/843\/revisions\/2585"}],"wp:attachment":[{"href":"http:\/\/budo-shinkokai.fr\/index.php?rest_route=%2Fwp%2Fv2%2Fmedia&parent=843"}],"curies":[{"name":"wp","href":"https:\/\/api.w.org\/{rel}","templated":true}]}}