{"id":883,"date":"2012-07-11T08:31:56","date_gmt":"2012-07-11T07:31:56","guid":{"rendered":"http:\/\/budo-shinkokai.fr\/?page_id=883"},"modified":"2023-03-06T17:09:35","modified_gmt":"2023-03-06T16:09:35","slug":"telechargements","status":"publish","type":"page","link":"http:\/\/budo-shinkokai.fr\/?page_id=883","title":{"rendered":"Telechargements"},"content":{"rendered":"<p>DonwloadA venir de la documentation \u00e0 dispo, pdf,e-pub, vid\u00e9o, images..<\/p>\n<p><a href=\"http:\/\/www.budokai-artigues.fr\/entrepot\/nbthk.epub\" target=\"_blank\" rel=\"noopener\">Differents certificats pour les sabres delivr\u00e9s par le Nihon Bijutsu Honzon Kyokai<\/a><\/p>\n<p><a href=\"http:\/\/www.budokai-artigues.fr\/entrepot\/TakeCare.epub\" target=\"_blank\" rel=\"noopener\">Depliant sur l&rsquo;entretien du sabre<\/a>, et <a href=\"http:\/\/www.budokai-artigues.fr\/entrepot\/Applicate.epub\" target=\"_blank\" rel=\"noopener\">d\u00e9pliant sur l&rsquo;estimation des sabres<\/a>, tous les deux \u00e0 disposition \u00e0 l&rsquo;entr\u00e9e du mus\u00e9e du sabre \u00e0 Tokyo.<\/p>\n<p><a href=\"http:\/\/www.budokai-artigues.fr\/entrepot\/kamon.rar\" target=\"_blank\" rel=\"noopener\">Quelques images de Mon ou Kamon<\/a>, pour d\u00e9corer vos documents<\/p>\n<p><a href=\"http:\/\/www.budokai-artigues.fr\/entrepot\/SamuraiSword.com%20Glossary.pdf\" target=\"_blank\" rel=\"noopener\">62 pages de terminologie sur le sabre japonais<\/a><\/p>\n","protected":false},"excerpt":{"rendered":"<p>DonwloadA venir de la documentation \u00e0 dispo, pdf,e-pub, vid\u00e9o, images.. Differents certificats pour les sabres delivr\u00e9s par le Nihon Bijutsu Honzon Kyokai Depliant sur l&rsquo;entretien du sabre, et d\u00e9pliant sur l&rsquo;estimation des sabres, tous les deux \u00e0 disposition \u00e0 l&rsquo;entr\u00e9e du mus\u00e9e du sabre \u00e0 Tokyo. Quelques images de Mon ou Kamon, pour d\u00e9corer vos [&hellip;]<\/p>\n","protected":false},"author":1,"featured_media":0,"parent":0,"menu_order":0,"comment_status":"closed","ping_status":"closed","template":"","meta":[],"_links":{"self":[{"href":"http:\/\/budo-shinkokai.fr\/index.php?rest_route=\/wp\/v2\/pages\/883"}],"collection":[{"href":"http:\/\/budo-shinkokai.fr\/index.php?rest_route=\/wp\/v2\/pages"}],"about":[{"href":"http:\/\/budo-shinkokai.fr\/index.php?rest_route=\/wp\/v2\/types\/page"}],"author":[{"embeddable":true,"href":"http:\/\/budo-shinkokai.fr\/index.php?rest_route=\/wp\/v2\/users\/1"}],"replies":[{"embeddable":true,"href":"http:\/\/budo-shinkokai.fr\/index.php?rest_route=%2Fwp%2Fv2%2Fcomments&post=883"}],"version-history":[{"count":14,"href":"http:\/\/budo-shinkokai.fr\/index.php?rest_route=\/wp\/v2\/pages\/883\/revisions"}],"predecessor-version":[{"id":2587,"href":"http:\/\/budo-shinkokai.fr\/index.php?rest_route=\/wp\/v2\/pages\/883\/revisions\/2587"}],"wp:attachment":[{"href":"http:\/\/budo-shinkokai.fr\/index.php?rest_route=%2Fwp%2Fv2%2Fmedia&parent=883"}],"curies":[{"name":"wp","href":"https:\/\/api.w.org\/{rel}","templated":true}]}}