{"id":892,"date":"2012-07-11T08:38:35","date_gmt":"2012-07-11T07:38:35","guid":{"rendered":"http:\/\/budo-shinkokai.fr\/?page_id=892"},"modified":"2023-03-06T10:44:15","modified_gmt":"2023-03-06T09:44:15","slug":"services","status":"publish","type":"page","link":"http:\/\/budo-shinkokai.fr\/?page_id=892","title":{"rendered":"Services"},"content":{"rendered":"<p>Tournage avec camera full HD sony FX7 , ou Sony HXR-2500E Full HDde vos stages, clips sur votre club, etc.<\/p>\n<p>Acquisition en HD et r\u00e9alisation de DVD.<\/p>\n<p>Le BLURAY possible. Possibilit\u00e9 de AVCHD .264 sur DVD DL<\/p>\n<p>Transferts sur DVD de K7 VHS , VHS-C. .<\/p>\n<p>Stages \u00e0 th\u00e8mes sur demande.<\/p>\n<p>Recherche de mat\u00e9riel divers, antiquit\u00e9s possibles, en france ou au Japon<\/p>\n","protected":false},"excerpt":{"rendered":"<p>Tournage avec camera full HD sony FX7 , ou Sony HXR-2500E Full HDde vos stages, clips sur votre club, etc. Acquisition en HD et r\u00e9alisation de DVD. Le BLURAY possible. Possibilit\u00e9 de AVCHD .264 sur DVD DL Transferts sur DVD de K7 VHS , VHS-C. . Stages \u00e0 th\u00e8mes sur demande. Recherche de mat\u00e9riel divers, [&hellip;]<\/p>\n","protected":false},"author":1,"featured_media":0,"parent":907,"menu_order":2,"comment_status":"closed","ping_status":"open","template":"","meta":[],"_links":{"self":[{"href":"http:\/\/budo-shinkokai.fr\/index.php?rest_route=\/wp\/v2\/pages\/892"}],"collection":[{"href":"http:\/\/budo-shinkokai.fr\/index.php?rest_route=\/wp\/v2\/pages"}],"about":[{"href":"http:\/\/budo-shinkokai.fr\/index.php?rest_route=\/wp\/v2\/types\/page"}],"author":[{"embeddable":true,"href":"http:\/\/budo-shinkokai.fr\/index.php?rest_route=\/wp\/v2\/users\/1"}],"replies":[{"embeddable":true,"href":"http:\/\/budo-shinkokai.fr\/index.php?rest_route=%2Fwp%2Fv2%2Fcomments&post=892"}],"version-history":[{"count":19,"href":"http:\/\/budo-shinkokai.fr\/index.php?rest_route=\/wp\/v2\/pages\/892\/revisions"}],"predecessor-version":[{"id":2595,"href":"http:\/\/budo-shinkokai.fr\/index.php?rest_route=\/wp\/v2\/pages\/892\/revisions\/2595"}],"up":[{"embeddable":true,"href":"http:\/\/budo-shinkokai.fr\/index.php?rest_route=\/wp\/v2\/pages\/907"}],"wp:attachment":[{"href":"http:\/\/budo-shinkokai.fr\/index.php?rest_route=%2Fwp%2Fv2%2Fmedia&parent=892"}],"curies":[{"name":"wp","href":"https:\/\/api.w.org\/{rel}","templated":true}]}}