{"id":9,"date":"2012-07-10T18:44:11","date_gmt":"2012-07-10T17:44:11","guid":{"rendered":"http:\/\/budo-shinkokai.fr\/?page_id=9"},"modified":"2023-03-06T17:11:49","modified_gmt":"2023-03-06T16:11:49","slug":"budo-shinkokai","status":"publish","type":"page","link":"http:\/\/budo-shinkokai.fr\/","title":{"rendered":"Le Propos"},"content":{"rendered":"<h4><strong><span style=\"color: #ff0000;\">Changement de th\u00e8me, certaines fonctions ne sont plus activ\u00e9es. Donc beaucoup de travail en perspective. Un peu de patience\u00a0 avant de retrouver le c\u0153ur du site d&rsquo;origine.<\/span><\/strong><\/h4>\n<h3><strong>L&rsquo;association Budo shinkokai\u00a0 a pour objet \u00a0la promotion des arts martiaux classiques Japonais\u00a0: <\/strong><\/h3>\n<h2 style=\"text-align: center;\"><strong><strong>Les Budo<\/strong><\/strong><\/h2>\n<p style=\"padding-left: 30px;\"><strong>Nous entendons par classiques ceux qui ont une racine, une histoire dans la culture japonaise, et dont la pratique \u00e0 pour but de transmettre certaines valeurs humaines universelles, au-del\u00e0 des cultures et du temps.<br \/>\n<\/strong><\/p>\n<p style=\"padding-left: 30px;\"><strong>\u00a0 Nous excluons les disciplines modernes d\u00e9riv\u00e9es, qui ont mis l&rsquo;accent sur les caract\u00e8res sportifs, d&rsquo;auto d\u00e9fense, de spiritualisme contemplatif, ou tout autre aspect mercantile. <\/strong><\/p>\n<p style=\"padding-left: 30px;\"><strong><strong>Mais pour mieux faire comprendre ce qui est classique et ce qui ne l&rsquo;est pas, il faut aborder le sujet dans sa globalit\u00e9.<\/strong> Aussi il y aura des informations sur l&rsquo;ensemble ( non exhaustif) des disciplines qui ont \u00e9t\u00e9 d\u00e9velopp\u00e9es au fil du temps, cela est \u0153uvre de culture g\u00e9n\u00e9rale.<\/strong><\/p>\n<p style=\"padding-left: 30px;\"><strong>Par contre nos pratiques resterons orient\u00e9es, soit dans du \u00ab\u00a0classique pur jus\u00a0\u00bb soit dans des adaptations coh\u00e9rentes.<br \/>\n<\/strong><\/p>\n<p style=\"padding-left: 30px;\"><strong>\u00a0 Nous entendons par promotion le fait de faire connaitre, dans leurs aspects les plus authentiques ces disciplines, pas de racoler des pratiquants en\u00a0 d\u00e9voyant certaines sp\u00e9cificit\u00e9s pour les rendre plus \u00ab\u00a0populaires\u00a0\u00bb, ou plus vendeurs.<\/strong><\/p>\n<p style=\"padding-left: 30px; text-align: left;\"><strong>Il n&rsquo;y a ici aucune intention cach\u00e9e. Ce qui est mis en avant ce sont les disciplines, leur pratique, leur transmission, leurs bienfaits \u00e9ducatifs, <span style=\"text-decoration: underline;\"><strong>pas les personnes.<\/strong><\/span><\/strong><\/p>\n<p style=\"padding-left: 30px; text-align: left;\"><strong><strong>(mon nom a moi.fr pour un site sur un dojo, le budo ou une discipline, par exemple, preuve d&rsquo;un ego contr\u00f4l\u00e9 gr\u00e2ce \u00e0 la pratique, sans aucun doute? )<\/strong><br \/>\n<\/strong><\/p>\n<p style=\"padding-left: 30px;\"><strong>Nous<\/strong> <strong>utiliserons tous les moyens que notre comp\u00e9tence nous autorise (modestement).<\/strong><\/p>\n<p style=\"padding-left: 30px;\"><strong>Ce site en est un, il y aura des documents \u00e9crits, photo, vid\u00e9o. Histoire et histoires, principes, v\u00e9cu.<br \/>\n<\/strong><\/p>\n<p style=\"padding-left: 30px;\"><strong>Nous tenterons d&rsquo;y donner quelques informations et documentations afin de mieux en comprendre le fonctionnement et l\u2019int\u00e9r\u00eat.<\/strong> <strong>Afin d&rsquo;en aborder la pratique avec une meilleure id\u00e9e de ce que l&rsquo;on peut y trouver apr\u00e8s beaucoup d&rsquo;efforts ( il n&rsquo;y a pas de garantie).<\/strong><\/p>\n<p style=\"padding-left: 30px;\"><strong>Des productions annexes, sous forme de fascicules et de DVD. <\/strong><\/p>\n<p style=\"padding-left: 30px;\"><strong>Et la pratique, sous forme de stages, cycles de cours.<\/strong><\/p>\n<p style=\"padding-left: 30px;\"><strong>De plus nous proposons un petit nombre de services compl\u00e9mentaires, comme la recherche de mat\u00e9riel d\u2019entrainement, d\u2019antiquit\u00e9s japonaises, de transfert entre supports vid\u00e9o, de r\u00e9alisation de DVD, toujours autour du Budo et de sa pratique.<\/strong><\/p>\n","protected":false},"excerpt":{"rendered":"<p>Changement de th\u00e8me, certaines fonctions ne sont plus activ\u00e9es. Donc beaucoup de travail en perspective. Un peu de patience\u00a0 avant de retrouver le c\u0153ur du site d&rsquo;origine. L&rsquo;association Budo shinkokai\u00a0 a pour objet \u00a0la promotion des arts martiaux classiques Japonais\u00a0: Les Budo Nous entendons par classiques ceux qui ont une racine, une histoire dans la [&hellip;]<\/p>\n","protected":false},"author":1,"featured_media":0,"parent":0,"menu_order":0,"comment_status":"closed","ping_status":"open","template":"page-slider-1.php","meta":[],"_links":{"self":[{"href":"http:\/\/budo-shinkokai.fr\/index.php?rest_route=\/wp\/v2\/pages\/9"}],"collection":[{"href":"http:\/\/budo-shinkokai.fr\/index.php?rest_route=\/wp\/v2\/pages"}],"about":[{"href":"http:\/\/budo-shinkokai.fr\/index.php?rest_route=\/wp\/v2\/types\/page"}],"author":[{"embeddable":true,"href":"http:\/\/budo-shinkokai.fr\/index.php?rest_route=\/wp\/v2\/users\/1"}],"replies":[{"embeddable":true,"href":"http:\/\/budo-shinkokai.fr\/index.php?rest_route=%2Fwp%2Fv2%2Fcomments&post=9"}],"version-history":[{"count":74,"href":"http:\/\/budo-shinkokai.fr\/index.php?rest_route=\/wp\/v2\/pages\/9\/revisions"}],"predecessor-version":[{"id":2597,"href":"http:\/\/budo-shinkokai.fr\/index.php?rest_route=\/wp\/v2\/pages\/9\/revisions\/2597"}],"wp:attachment":[{"href":"http:\/\/budo-shinkokai.fr\/index.php?rest_route=%2Fwp%2Fv2%2Fmedia&parent=9"}],"curies":[{"name":"wp","href":"https:\/\/api.w.org\/{rel}","templated":true}]}}