{"id":901,"date":"2012-07-11T08:52:29","date_gmt":"2012-07-11T07:52:29","guid":{"rendered":"http:\/\/budo-shinkokai.fr\/?page_id=901"},"modified":"2023-03-08T15:53:51","modified_gmt":"2023-03-08T14:53:51","slug":"nos-references","status":"publish","type":"page","link":"http:\/\/budo-shinkokai.fr\/?page_id=901","title":{"rendered":"Nos professeurs"},"content":{"rendered":"<p>Ceux qui nous ont appris, avec qui nous avons\u00a0 pratiqu\u00e9. Pour certains toujours d&rsquo;actualit\u00e9.<\/p>\n<p>il n&rsquo;y a pas d&rsquo;ordre d&rsquo;importance.<\/p>\n<p>Page devant \u00eatre mise \u00e0 jour.<\/p>\n<div id='gallery-1' class='gallery galleryid-901 gallery-columns-3 gallery-size-thumbnail'><figure class='gallery-item'>\n\t\t\t<div class='gallery-icon landscape'>\n\t\t\t\t<a href='http:\/\/budo-shinkokai.fr\/?attachment_id=1897'><img width=\"121\" height=\"120\" src=\"http:\/\/budo-shinkokai.fr\/wp-content\/uploads\/2012\/11\/Jr.jpg\" class=\"attachment-thumbnail size-thumbnail\" alt=\"\" decoding=\"async\" loading=\"lazy\" aria-describedby=\"gallery-1-1897\" \/><\/a>\n\t\t\t<\/div>\n\t\t\t\t<figcaption class='wp-caption-text gallery-caption' id='gallery-1-1897'>\n\t\t\t\tJ.RAJI\n\t\t\t\t<\/figcaption><\/figure><figure class='gallery-item'>\n\t\t\t<div class='gallery-icon portrait'>\n\t\t\t\t<a href='http:\/\/budo-shinkokai.fr\/?attachment_id=1893'><img width=\"134\" height=\"140\" src=\"http:\/\/budo-shinkokai.fr\/wp-content\/uploads\/2012\/11\/pierre21.jpg\" class=\"attachment-thumbnail size-thumbnail\" alt=\"\" decoding=\"async\" loading=\"lazy\" aria-describedby=\"gallery-1-1893\" \/><\/a>\n\t\t\t<\/div>\n\t\t\t\t<figcaption class='wp-caption-text gallery-caption' id='gallery-1-1893'>\n\t\t\t\tD.PIERRE\n\t\t\t\t<\/figcaption><\/figure><figure class='gallery-item'>\n\t\t\t<div class='gallery-icon landscape'>\n\t\t\t\t<a href='http:\/\/budo-shinkokai.fr\/?attachment_id=1891'><img width=\"121\" height=\"121\" src=\"http:\/\/budo-shinkokai.fr\/wp-content\/uploads\/2012\/11\/image002.jpg\" class=\"attachment-thumbnail size-thumbnail\" alt=\"\" decoding=\"async\" loading=\"lazy\" aria-describedby=\"gallery-1-1891\" \/><\/a>\n\t\t\t<\/div>\n\t\t\t\t<figcaption class='wp-caption-text gallery-caption' id='gallery-1-1891'>\n\t\t\t\tC.MARIE (DCD)\n\t\t\t\t<\/figcaption><\/figure><figure class='gallery-item'>\n\t\t\t<div class='gallery-icon portrait'>\n\t\t\t\t<a href='http:\/\/budo-shinkokai.fr\/?attachment_id=1882'><img width=\"150\" height=\"150\" src=\"http:\/\/budo-shinkokai.fr\/wp-content\/uploads\/2012\/11\/Saito-1024x768-150x150.jpg\" class=\"attachment-thumbnail size-thumbnail\" alt=\"\" decoding=\"async\" loading=\"lazy\" aria-describedby=\"gallery-1-1882\" \/><\/a>\n\t\t\t<\/div>\n\t\t\t\t<figcaption class='wp-caption-text gallery-caption' id='gallery-1-1882'>\n\t\t\t\tM.SAITO (DCD)\n\t\t\t\t<\/figcaption><\/figure><figure class='gallery-item'>\n\t\t\t<div class='gallery-icon portrait'>\n\t\t\t\t<a href='http:\/\/budo-shinkokai.fr\/?attachment_id=1892'><img width=\"150\" height=\"150\" src=\"http:\/\/budo-shinkokai.fr\/wp-content\/uploads\/2012\/11\/DL1-150x150.jpg\" class=\"attachment-thumbnail size-thumbnail\" alt=\"\" decoding=\"async\" loading=\"lazy\" aria-describedby=\"gallery-1-1892\" \/><\/a>\n\t\t\t<\/div>\n\t\t\t\t<figcaption class='wp-caption-text gallery-caption' id='gallery-1-1892'>\n\t\t\t\tD.LECLERC\n\t\t\t\t<\/figcaption><\/figure>\n\t\t<\/div>\n\n<div id='gallery-2' class='gallery galleryid-901 gallery-columns-3 gallery-size-thumbnail'><figure class='gallery-item'>\n\t\t\t<div class='gallery-icon landscape'>\n\t\t\t\t<a href='http:\/\/budo-shinkokai.fr\/?attachment_id=2036'><img width=\"150\" height=\"150\" src=\"http:\/\/budo-shinkokai.fr\/wp-content\/uploads\/2013\/01\/kanai-150x150.jpg\" class=\"attachment-thumbnail size-thumbnail\" alt=\"\" decoding=\"async\" loading=\"lazy\" aria-describedby=\"gallery-2-2036\" \/><\/a>\n\t\t\t<\/div>\n\t\t\t\t<figcaption class='wp-caption-text gallery-caption' id='gallery-2-2036'>\n\t\t\t\tKANAI (DCD)\n\t\t\t\t<\/figcaption><\/figure><figure class='gallery-item'>\n\t\t\t<div class='gallery-icon landscape'>\n\t\t\t\t<a href='http:\/\/budo-shinkokai.fr\/?attachment_id=1945'><img width=\"120\" height=\"120\" src=\"http:\/\/budo-shinkokai.fr\/wp-content\/uploads\/2012\/11\/benedetti-thumb.jpg\" class=\"attachment-thumbnail size-thumbnail\" alt=\"\" decoding=\"async\" loading=\"lazy\" aria-describedby=\"gallery-2-1945\" \/><\/a>\n\t\t\t<\/div>\n\t\t\t\t<figcaption class='wp-caption-text gallery-caption' id='gallery-2-1945'>\n\t\t\t\tS.BENEDETTI\n\t\t\t\t<\/figcaption><\/figure><figure class='gallery-item'>\n\t\t\t<div class='gallery-icon portrait'>\n\t\t\t\t<a href='http:\/\/budo-shinkokai.fr\/?attachment_id=1902'><img width=\"150\" height=\"150\" src=\"http:\/\/budo-shinkokai.fr\/wp-content\/uploads\/2012\/11\/moriteru-150x150.jpg\" class=\"attachment-thumbnail size-thumbnail\" alt=\"\" decoding=\"async\" loading=\"lazy\" aria-describedby=\"gallery-2-1902\" \/><\/a>\n\t\t\t<\/div>\n\t\t\t\t<figcaption class='wp-caption-text gallery-caption' id='gallery-2-1902'>\n\t\t\t\tM. UESHIBA\n\t\t\t\t<\/figcaption><\/figure><figure class='gallery-item'>\n\t\t\t<div class='gallery-icon portrait'>\n\t\t\t\t<a href='http:\/\/budo-shinkokai.fr\/?attachment_id=1900'><img width=\"150\" height=\"150\" src=\"http:\/\/budo-shinkokai.fr\/wp-content\/uploads\/2012\/11\/seigo-yamaguchi-ency-150x150.jpg\" class=\"attachment-thumbnail size-thumbnail\" alt=\"\" decoding=\"async\" loading=\"lazy\" aria-describedby=\"gallery-2-1900\" \/><\/a>\n\t\t\t<\/div>\n\t\t\t\t<figcaption class='wp-caption-text gallery-caption' id='gallery-2-1900'>\n\t\t\t\tYAMAGUSHI (DCD)\n\t\t\t\t<\/figcaption><\/figure><figure class='gallery-item'>\n\t\t\t<div class='gallery-icon portrait'>\n\t\t\t\t<a href='http:\/\/budo-shinkokai.fr\/?attachment_id=1895'><img width=\"150\" height=\"150\" src=\"http:\/\/budo-shinkokai.fr\/wp-content\/uploads\/2012\/11\/rene-small-150x150.jpg\" class=\"attachment-thumbnail size-thumbnail\" alt=\"\" decoding=\"async\" loading=\"lazy\" aria-describedby=\"gallery-2-1895\" \/><\/a>\n\t\t\t<\/div>\n\t\t\t\t<figcaption class='wp-caption-text gallery-caption' id='gallery-2-1895'>\n\t\t\t\tRen\u00e9 VDB (DCD)\n\t\t\t\t<\/figcaption><\/figure><figure class='gallery-item'>\n\t\t\t<div class='gallery-icon portrait'>\n\t\t\t\t<a href='http:\/\/budo-shinkokai.fr\/?attachment_id=1884'><img width=\"150\" height=\"150\" src=\"http:\/\/budo-shinkokai.fr\/wp-content\/uploads\/2012\/11\/miyamoto-sensei-150x150.jpg\" class=\"attachment-thumbnail size-thumbnail\" alt=\"\" decoding=\"async\" loading=\"lazy\" aria-describedby=\"gallery-2-1884\" \/><\/a>\n\t\t\t<\/div>\n\t\t\t\t<figcaption class='wp-caption-text gallery-caption' id='gallery-2-1884'>\n\t\t\t\tT.MIYAMOTO\n\t\t\t\t<\/figcaption><\/figure><figure class='gallery-item'>\n\t\t\t<div class='gallery-icon portrait'>\n\t\t\t\t<a href='http:\/\/budo-shinkokai.fr\/?attachment_id=1887'><img width=\"150\" height=\"150\" src=\"http:\/\/budo-shinkokai.fr\/wp-content\/uploads\/2012\/11\/toshiro-150x150.jpg\" class=\"attachment-thumbnail size-thumbnail\" alt=\"\" decoding=\"async\" loading=\"lazy\" aria-describedby=\"gallery-2-1887\" \/><\/a>\n\t\t\t<\/div>\n\t\t\t\t<figcaption class='wp-caption-text gallery-caption' id='gallery-2-1887'>\n\t\t\t\tT.SUGA\n\t\t\t\t<\/figcaption><\/figure><figure class='gallery-item'>\n\t\t\t<div class='gallery-icon landscape'>\n\t\t\t\t<a href='http:\/\/budo-shinkokai.fr\/?attachment_id=1873'><img width=\"150\" height=\"150\" src=\"http:\/\/budo-shinkokai.fr\/wp-content\/uploads\/2012\/11\/yamada-150x150.jpg\" class=\"attachment-thumbnail size-thumbnail\" alt=\"\" decoding=\"async\" loading=\"lazy\" aria-describedby=\"gallery-2-1873\" \/><\/a>\n\t\t\t<\/div>\n\t\t\t\t<figcaption class='wp-caption-text gallery-caption' id='gallery-2-1873'>\n\t\t\t\tYAMADA (DCD)\n\t\t\t\t<\/figcaption><\/figure><figure class='gallery-item'>\n\t\t\t<div class='gallery-icon landscape'>\n\t\t\t\t<a href='http:\/\/budo-shinkokai.fr\/?attachment_id=1876'><img width=\"150\" height=\"150\" src=\"http:\/\/budo-shinkokai.fr\/wp-content\/uploads\/2012\/11\/kanetsuka-150x150.jpg\" class=\"attachment-thumbnail size-thumbnail\" alt=\"\" decoding=\"async\" loading=\"lazy\" aria-describedby=\"gallery-2-1876\" \/><\/a>\n\t\t\t<\/div>\n\t\t\t\t<figcaption class='wp-caption-text gallery-caption' id='gallery-2-1876'>\n\t\t\t\tKANETSUKA  (DCD)\n\t\t\t\t<\/figcaption><\/figure><figure class='gallery-item'>\n\t\t\t<div class='gallery-icon portrait'>\n\t\t\t\t<a href='http:\/\/budo-shinkokai.fr\/?attachment_id=1878'><img width=\"150\" height=\"150\" src=\"http:\/\/budo-shinkokai.fr\/wp-content\/uploads\/2012\/11\/kobayashi_gross-150x150.jpg\" class=\"attachment-thumbnail size-thumbnail\" alt=\"\" decoding=\"async\" loading=\"lazy\" aria-describedby=\"gallery-2-1878\" \/><\/a>\n\t\t\t<\/div>\n\t\t\t\t<figcaption class='wp-caption-text gallery-caption' id='gallery-2-1878'>\n\t\t\t\tKOBAYASHI  (DCD)\n\t\t\t\t<\/figcaption><\/figure><figure class='gallery-item'>\n\t\t\t<div class='gallery-icon portrait'>\n\t\t\t\t<a href='http:\/\/budo-shinkokai.fr\/?attachment_id=1870'><img width=\"150\" height=\"150\" src=\"http:\/\/budo-shinkokai.fr\/wp-content\/uploads\/2012\/11\/SUGANO-SEIICHI-150x150.jpg\" class=\"attachment-thumbnail size-thumbnail\" alt=\"\" decoding=\"async\" loading=\"lazy\" aria-describedby=\"gallery-2-1870\" \/><\/a>\n\t\t\t<\/div>\n\t\t\t\t<figcaption class='wp-caption-text gallery-caption' id='gallery-2-1870'>\n\t\t\t\tS.SUGANO (DCD)\n\t\t\t\t<\/figcaption><\/figure><figure class='gallery-item'>\n\t\t\t<div class='gallery-icon portrait'>\n\t\t\t\t<a href='http:\/\/budo-shinkokai.fr\/?attachment_id=1867'><img width=\"150\" height=\"150\" src=\"http:\/\/budo-shinkokai.fr\/wp-content\/uploads\/2012\/11\/seki5-150x150.jpg\" class=\"attachment-thumbnail size-thumbnail\" alt=\"\" decoding=\"async\" loading=\"lazy\" aria-describedby=\"gallery-2-1867\" \/><\/a>\n\t\t\t<\/div>\n\t\t\t\t<figcaption class='wp-caption-text gallery-caption' id='gallery-2-1867'>\n\t\t\t\tS.SEKI\n\t\t\t\t<\/figcaption><\/figure><figure class='gallery-item'>\n\t\t\t<div class='gallery-icon portrait'>\n\t\t\t\t<a href='http:\/\/budo-shinkokai.fr\/?attachment_id=1858'><img width=\"150\" height=\"150\" src=\"http:\/\/budo-shinkokai.fr\/wp-content\/uploads\/2012\/10\/morito-suganuma-1-150x150.jpg\" class=\"attachment-thumbnail size-thumbnail\" alt=\"\" decoding=\"async\" loading=\"lazy\" aria-describedby=\"gallery-2-1858\" \/><\/a>\n\t\t\t<\/div>\n\t\t\t\t<figcaption class='wp-caption-text gallery-caption' id='gallery-2-1858'>\n\t\t\t\tSUGANUMA\n\t\t\t\t<\/figcaption><\/figure><figure class='gallery-item'>\n\t\t\t<div class='gallery-icon portrait'>\n\t\t\t\t<a href='http:\/\/budo-shinkokai.fr\/?attachment_id=1865'><img width=\"150\" height=\"150\" src=\"http:\/\/budo-shinkokai.fr\/wp-content\/uploads\/2012\/11\/castillon-150x150.jpg\" class=\"attachment-thumbnail size-thumbnail\" alt=\"\" decoding=\"async\" loading=\"lazy\" aria-describedby=\"gallery-2-1865\" \/><\/a>\n\t\t\t<\/div>\n\t\t\t\t<figcaption class='wp-caption-text gallery-caption' id='gallery-2-1865'>\n\t\t\t\tJM.CASTILLON  (DCD)\n\t\t\t\t<\/figcaption><\/figure><figure class='gallery-item'>\n\t\t\t<div class='gallery-icon landscape'>\n\t\t\t\t<a href='http:\/\/budo-shinkokai.fr\/?attachment_id=1558'><img width=\"150\" height=\"150\" src=\"http:\/\/budo-shinkokai.fr\/wp-content\/uploads\/2012\/06\/MeNishioka-150x150.jpg\" class=\"attachment-thumbnail size-thumbnail\" alt=\"\" decoding=\"async\" loading=\"lazy\" aria-describedby=\"gallery-2-1558\" \/><\/a>\n\t\t\t<\/div>\n\t\t\t\t<figcaption class='wp-caption-text gallery-caption' id='gallery-2-1558'>\n\t\t\t\tT.NISHIOKA  (DCD)\n\t\t\t\t<\/figcaption><\/figure><figure class='gallery-item'>\n\t\t\t<div class='gallery-icon landscape'>\n\t\t\t\t<a href='http:\/\/budo-shinkokai.fr\/?attachment_id=1548'><img width=\"150\" height=\"150\" src=\"http:\/\/budo-shinkokai.fr\/wp-content\/uploads\/2012\/06\/yahagi2-150x150.jpg\" class=\"attachment-thumbnail size-thumbnail\" alt=\"\" decoding=\"async\" loading=\"lazy\" aria-describedby=\"gallery-2-1548\" \/><\/a>\n\t\t\t<\/div>\n\t\t\t\t<figcaption class='wp-caption-text gallery-caption' id='gallery-2-1548'>\n\t\t\t\tK.YAHAGI\n\t\t\t\t<\/figcaption><\/figure><figure class='gallery-item'>\n\t\t\t<div class='gallery-icon landscape'>\n\t\t\t\t<a href='http:\/\/budo-shinkokai.fr\/?attachment_id=1151'><img width=\"120\" height=\"120\" src=\"http:\/\/budo-shinkokai.fr\/wp-content\/uploads\/2012\/07\/Mts.jpg\" class=\"attachment-thumbnail size-thumbnail\" alt=\"\" decoding=\"async\" loading=\"lazy\" aria-describedby=\"gallery-2-1151\" \/><\/a>\n\t\t\t<\/div>\n\t\t\t\t<figcaption class='wp-caption-text gallery-caption' id='gallery-2-1151'>\n\t\t\t\tM.T.SHEWAN\n\t\t\t\t<\/figcaption><\/figure><figure class='gallery-item'>\n\t\t\t<div class='gallery-icon portrait'>\n\t\t\t\t<a href='http:\/\/budo-shinkokai.fr\/?attachment_id=20'><img width=\"150\" height=\"150\" src=\"http:\/\/budo-shinkokai.fr\/wp-content\/uploads\/2012\/07\/tamura_sensei-150x150.jpg\" class=\"attachment-thumbnail size-thumbnail\" alt=\"\" decoding=\"async\" loading=\"lazy\" aria-describedby=\"gallery-2-20\" \/><\/a>\n\t\t\t<\/div>\n\t\t\t\t<figcaption class='wp-caption-text gallery-caption' id='gallery-2-20'>\n\t\t\t\tN.TAMURA  (DCD)\n\t\t\t\t<\/figcaption><\/figure><figure class='gallery-item'>\n\t\t\t<div class='gallery-icon landscape'>\n\t\t\t\t<a href='http:\/\/budo-shinkokai.fr\/?attachment_id=1241'><img width=\"150\" height=\"150\" src=\"http:\/\/budo-shinkokai.fr\/wp-content\/uploads\/2012\/07\/regard-150x150.jpg\" class=\"attachment-thumbnail size-thumbnail\" alt=\"\" decoding=\"async\" loading=\"lazy\" aria-describedby=\"gallery-2-1241\" \/><\/a>\n\t\t\t<\/div>\n\t\t\t\t<figcaption class='wp-caption-text gallery-caption' id='gallery-2-1241'>\n\t\t\t\tP.KRIEGER\n\t\t\t\t<\/figcaption><\/figure>\n\t\t<\/div>\n\n\n\n<p><\/p>\n","protected":false},"excerpt":{"rendered":"<p>Ceux qui nous ont appris, avec qui nous avons\u00a0 pratiqu\u00e9. Pour certains toujours d&rsquo;actualit\u00e9. il n&rsquo;y a pas d&rsquo;ordre d&rsquo;importance. Page devant \u00eatre mise \u00e0 jour.<\/p>\n","protected":false},"author":1,"featured_media":0,"parent":895,"menu_order":0,"comment_status":"closed","ping_status":"closed","template":"page-testimonial.php","meta":[],"_links":{"self":[{"href":"http:\/\/budo-shinkokai.fr\/index.php?rest_route=\/wp\/v2\/pages\/901"}],"collection":[{"href":"http:\/\/budo-shinkokai.fr\/index.php?rest_route=\/wp\/v2\/pages"}],"about":[{"href":"http:\/\/budo-shinkokai.fr\/index.php?rest_route=\/wp\/v2\/types\/page"}],"author":[{"embeddable":true,"href":"http:\/\/budo-shinkokai.fr\/index.php?rest_route=\/wp\/v2\/users\/1"}],"replies":[{"embeddable":true,"href":"http:\/\/budo-shinkokai.fr\/index.php?rest_route=%2Fwp%2Fv2%2Fcomments&post=901"}],"version-history":[{"count":19,"href":"http:\/\/budo-shinkokai.fr\/index.php?rest_route=\/wp\/v2\/pages\/901\/revisions"}],"predecessor-version":[{"id":2604,"href":"http:\/\/budo-shinkokai.fr\/index.php?rest_route=\/wp\/v2\/pages\/901\/revisions\/2604"}],"up":[{"embeddable":true,"href":"http:\/\/budo-shinkokai.fr\/index.php?rest_route=\/wp\/v2\/pages\/895"}],"wp:attachment":[{"href":"http:\/\/budo-shinkokai.fr\/index.php?rest_route=%2Fwp%2Fv2%2Fmedia&parent=901"}],"curies":[{"name":"wp","href":"https:\/\/api.w.org\/{rel}","templated":true}]}}